{"id":15,"date":"2021-09-08T08:45:22","date_gmt":"2021-09-08T08:45:22","guid":{"rendered":"https:\/\/enarten-kiosk.ch\/wordpress\/?page_id=15"},"modified":"2024-12-28T10:35:06","modified_gmt":"2024-12-28T10:35:06","slug":"der-gemeinsame-atelierladen-von-catja-esslinger-und-alexzwalen","status":"publish","type":"page","link":"https:\/\/enarten-kiosk.ch\/wordpress\/","title":{"rendered":"Landingpage"},"content":{"rendered":"\n<div style=\"height:50px\" aria-hidden=\"true\" class=\"wp-block-spacer\"><\/div>\n\n\n\n<p class=\"has-primary-color has-text-color\">En Art en Kiosk macht Pause. Ich melde mich mit Neuigkeiten per Newsletter. <br>Wenn Du Dich daf\u00fcr interessierst, schreibe Dich auf <a href=\"http:\/\/alexzwalen.ch\">meiner Website <\/a>ein.<\/p>\n\n\n\n<p class=\"has-primary-color has-text-color\">Eine gute Zeit mit sch\u00f6nen Ideen, neuen Eindr\u00fccken und viel Licht!<\/p>\n\n\n\n<p>Herzlich, Alex<\/p>\n\n\n\n<p><\/p>\n\n\n\n<p><\/p>\n","protected":false},"excerpt":{"rendered":"<p>En Art en Kiosk macht Pause. Ich melde mich mit Neuigkeiten per Newsletter. Wenn Du Dich daf\u00fcr interessierst, schreibe Dich auf meiner Website ein. Eine gute Zeit mit sch\u00f6nen Ideen, neuen Eindr\u00fccken und viel Licht! Herzlich, Alex<\/p>\n","protected":false},"author":1,"featured_media":0,"parent":0,"menu_order":0,"comment_status":"closed","ping_status":"closed","template":"","meta":{"neve_meta_sidebar":"","neve_meta_container":"","neve_meta_enable_content_width":"","neve_meta_content_width":0,"neve_meta_title_alignment":"center","neve_meta_author_avatar":"","neve_post_elements_order":"","neve_meta_disable_header":"off","neve_meta_disable_footer":"","neve_meta_disable_title":"on","footnotes":""},"class_list":["post-15","page","type-page","status-publish","hentry"],"yoast_head":"<!-- This site is optimized with the Yoast SEO plugin v27.5 - https:\/\/yoast.com\/product\/yoast-seo-wordpress\/ -->\n<title>Landingpage - Der Atelierladen ohne Atelier<\/title>\n<meta name=\"description\" content=\"&quot;en Art en Kiosk&quot; ist der gemeinsame Atelierladen von Catja Esslinger und Alex Zwalen statt. Sie finden Keramik, Bilder, Drucke und Postkarten. Er ist jeden Freitag von 14.00 bis 19.00 und jeden Samstag von 13.00 bis 17.00 Uhr ge\u00f6ffnet.\" \/>\n<meta name=\"robots\" content=\"index, follow, max-snippet:-1, max-image-preview:large, max-video-preview:-1\" \/>\n<link rel=\"canonical\" href=\"https:\/\/enarten-kiosk.ch\/wordpress\/\" \/>\n<meta property=\"og:locale\" content=\"de_DE\" \/>\n<meta property=\"og:type\" content=\"article\" \/>\n<meta property=\"og:title\" content=\"Landingpage - Der Atelierladen ohne Atelier\" \/>\n<meta property=\"og:description\" content=\"&quot;en Art en Kiosk&quot; ist der gemeinsame Atelierladen von Catja Esslinger und Alex Zwalen statt. Sie finden Keramik, Bilder, Drucke und Postkarten. Er ist jeden Freitag von 14.00 bis 19.00 und jeden Samstag von 13.00 bis 17.00 Uhr ge\u00f6ffnet.\" \/>\n<meta property=\"og:url\" content=\"https:\/\/enarten-kiosk.ch\/wordpress\/\" \/>\n<meta property=\"og:site_name\" content=\"Der Atelierladen ohne Atelier\" \/>\n<meta property=\"article:modified_time\" content=\"2024-12-28T10:35:06+00:00\" \/>\n<meta name=\"twitter:card\" content=\"summary_large_image\" \/>\n<meta name=\"twitter:label1\" content=\"Gesch\u00e4tzte Lesezeit\" \/>\n\t<meta name=\"twitter:data1\" content=\"1\u00a0Minute\" \/>\n<script type=\"application\/ld+json\" class=\"yoast-schema-graph\">{\"@context\":\"https:\\\/\\\/schema.org\",\"@graph\":[{\"@type\":\"WebPage\",\"@id\":\"https:\\\/\\\/enarten-kiosk.ch\\\/wordpress\\\/\",\"url\":\"https:\\\/\\\/enarten-kiosk.ch\\\/wordpress\\\/\",\"name\":\"Landingpage - Der Atelierladen ohne Atelier\",\"isPartOf\":{\"@id\":\"https:\\\/\\\/enarten-kiosk.ch\\\/wordpress\\\/#website\"},\"datePublished\":\"2021-09-08T08:45:22+00:00\",\"dateModified\":\"2024-12-28T10:35:06+00:00\",\"description\":\"\\\"en Art en Kiosk\\\" ist der gemeinsame Atelierladen von Catja Esslinger und Alex Zwalen statt. Sie finden Keramik, Bilder, Drucke und Postkarten. Er ist jeden Freitag von 14.00 bis 19.00 und jeden Samstag von 13.00 bis 17.00 Uhr ge\u00f6ffnet.\",\"breadcrumb\":{\"@id\":\"https:\\\/\\\/enarten-kiosk.ch\\\/wordpress\\\/#breadcrumb\"},\"inLanguage\":\"de-CH\",\"potentialAction\":[{\"@type\":\"ReadAction\",\"target\":[\"https:\\\/\\\/enarten-kiosk.ch\\\/wordpress\\\/\"]}]},{\"@type\":\"BreadcrumbList\",\"@id\":\"https:\\\/\\\/enarten-kiosk.ch\\\/wordpress\\\/#breadcrumb\",\"itemListElement\":[{\"@type\":\"ListItem\",\"position\":1,\"name\":\"Startseite\",\"item\":\"https:\\\/\\\/enarten-kiosk.ch\\\/wordpress\\\/\"},{\"@type\":\"ListItem\",\"position\":2,\"name\":\"En Art en Kiosk, der Atelierladen von Catja Esslinger und Alex Zwalen\"}]},{\"@type\":\"WebSite\",\"@id\":\"https:\\\/\\\/enarten-kiosk.ch\\\/wordpress\\\/#website\",\"url\":\"https:\\\/\\\/enarten-kiosk.ch\\\/wordpress\\\/\",\"name\":\"en Art en Kiosk\",\"description\":\"Nach 28 Jahren Geroldstrasse jetzt im fahrenden Atelier\",\"publisher\":{\"@id\":\"https:\\\/\\\/enarten-kiosk.ch\\\/wordpress\\\/#organization\"},\"potentialAction\":[{\"@type\":\"SearchAction\",\"target\":{\"@type\":\"EntryPoint\",\"urlTemplate\":\"https:\\\/\\\/enarten-kiosk.ch\\\/wordpress\\\/?s={search_term_string}\"},\"query-input\":{\"@type\":\"PropertyValueSpecification\",\"valueRequired\":true,\"valueName\":\"search_term_string\"}}],\"inLanguage\":\"de-CH\"},{\"@type\":\"Organization\",\"@id\":\"https:\\\/\\\/enarten-kiosk.ch\\\/wordpress\\\/#organization\",\"name\":\"en Art en Kiosk\",\"url\":\"https:\\\/\\\/enarten-kiosk.ch\\\/wordpress\\\/\",\"logo\":{\"@type\":\"ImageObject\",\"inLanguage\":\"de-CH\",\"@id\":\"https:\\\/\\\/enarten-kiosk.ch\\\/wordpress\\\/#\\\/schema\\\/logo\\\/image\\\/\",\"url\":\"https:\\\/\\\/enarten-kiosk.ch\\\/wordpress\\\/wp-content\\\/uploads\\\/2021\\\/09\\\/6zu2rotgruI\u0088n2schwarz-Logo-72-e1631267122680.png\",\"contentUrl\":\"https:\\\/\\\/enarten-kiosk.ch\\\/wordpress\\\/wp-content\\\/uploads\\\/2021\\\/09\\\/6zu2rotgruI\u0088n2schwarz-Logo-72-e1631267122680.png\",\"width\":240,\"height\":149,\"caption\":\"en Art en Kiosk\"},\"image\":{\"@id\":\"https:\\\/\\\/enarten-kiosk.ch\\\/wordpress\\\/#\\\/schema\\\/logo\\\/image\\\/\"}}]}<\/script>\n<!-- \/ Yoast SEO plugin. -->","yoast_head_json":{"title":"Landingpage - Der Atelierladen ohne Atelier","description":"\"en Art en Kiosk\" ist der gemeinsame Atelierladen von Catja Esslinger und Alex Zwalen statt. Sie finden Keramik, Bilder, Drucke und Postkarten. Er ist jeden Freitag von 14.00 bis 19.00 und jeden Samstag von 13.00 bis 17.00 Uhr ge\u00f6ffnet.","robots":{"index":"index","follow":"follow","max-snippet":"max-snippet:-1","max-image-preview":"max-image-preview:large","max-video-preview":"max-video-preview:-1"},"canonical":"https:\/\/enarten-kiosk.ch\/wordpress\/","og_locale":"de_DE","og_type":"article","og_title":"Landingpage - Der Atelierladen ohne Atelier","og_description":"\"en Art en Kiosk\" ist der gemeinsame Atelierladen von Catja Esslinger und Alex Zwalen statt. Sie finden Keramik, Bilder, Drucke und Postkarten. Er ist jeden Freitag von 14.00 bis 19.00 und jeden Samstag von 13.00 bis 17.00 Uhr ge\u00f6ffnet.","og_url":"https:\/\/enarten-kiosk.ch\/wordpress\/","og_site_name":"Der Atelierladen ohne Atelier","article_modified_time":"2024-12-28T10:35:06+00:00","twitter_card":"summary_large_image","twitter_misc":{"Gesch\u00e4tzte Lesezeit":"1\u00a0Minute"},"schema":{"@context":"https:\/\/schema.org","@graph":[{"@type":"WebPage","@id":"https:\/\/enarten-kiosk.ch\/wordpress\/","url":"https:\/\/enarten-kiosk.ch\/wordpress\/","name":"Landingpage - Der Atelierladen ohne Atelier","isPartOf":{"@id":"https:\/\/enarten-kiosk.ch\/wordpress\/#website"},"datePublished":"2021-09-08T08:45:22+00:00","dateModified":"2024-12-28T10:35:06+00:00","description":"\"en Art en Kiosk\" ist der gemeinsame Atelierladen von Catja Esslinger und Alex Zwalen statt. Sie finden Keramik, Bilder, Drucke und Postkarten. Er ist jeden Freitag von 14.00 bis 19.00 und jeden Samstag von 13.00 bis 17.00 Uhr ge\u00f6ffnet.","breadcrumb":{"@id":"https:\/\/enarten-kiosk.ch\/wordpress\/#breadcrumb"},"inLanguage":"de-CH","potentialAction":[{"@type":"ReadAction","target":["https:\/\/enarten-kiosk.ch\/wordpress\/"]}]},{"@type":"BreadcrumbList","@id":"https:\/\/enarten-kiosk.ch\/wordpress\/#breadcrumb","itemListElement":[{"@type":"ListItem","position":1,"name":"Startseite","item":"https:\/\/enarten-kiosk.ch\/wordpress\/"},{"@type":"ListItem","position":2,"name":"En Art en Kiosk, der Atelierladen von Catja Esslinger und Alex Zwalen"}]},{"@type":"WebSite","@id":"https:\/\/enarten-kiosk.ch\/wordpress\/#website","url":"https:\/\/enarten-kiosk.ch\/wordpress\/","name":"en Art en Kiosk","description":"Nach 28 Jahren Geroldstrasse jetzt im fahrenden Atelier","publisher":{"@id":"https:\/\/enarten-kiosk.ch\/wordpress\/#organization"},"potentialAction":[{"@type":"SearchAction","target":{"@type":"EntryPoint","urlTemplate":"https:\/\/enarten-kiosk.ch\/wordpress\/?s={search_term_string}"},"query-input":{"@type":"PropertyValueSpecification","valueRequired":true,"valueName":"search_term_string"}}],"inLanguage":"de-CH"},{"@type":"Organization","@id":"https:\/\/enarten-kiosk.ch\/wordpress\/#organization","name":"en Art en Kiosk","url":"https:\/\/enarten-kiosk.ch\/wordpress\/","logo":{"@type":"ImageObject","inLanguage":"de-CH","@id":"https:\/\/enarten-kiosk.ch\/wordpress\/#\/schema\/logo\/image\/","url":"https:\/\/enarten-kiosk.ch\/wordpress\/wp-content\/uploads\/2021\/09\/6zu2rotgruI\u0088n2schwarz-Logo-72-e1631267122680.png","contentUrl":"https:\/\/enarten-kiosk.ch\/wordpress\/wp-content\/uploads\/2021\/09\/6zu2rotgruI\u0088n2schwarz-Logo-72-e1631267122680.png","width":240,"height":149,"caption":"en Art en Kiosk"},"image":{"@id":"https:\/\/enarten-kiosk.ch\/wordpress\/#\/schema\/logo\/image\/"}}]}},"_links":{"self":[{"href":"https:\/\/enarten-kiosk.ch\/wordpress\/wp-json\/wp\/v2\/pages\/15","targetHints":{"allow":["GET"]}}],"collection":[{"href":"https:\/\/enarten-kiosk.ch\/wordpress\/wp-json\/wp\/v2\/pages"}],"about":[{"href":"https:\/\/enarten-kiosk.ch\/wordpress\/wp-json\/wp\/v2\/types\/page"}],"author":[{"embeddable":true,"href":"https:\/\/enarten-kiosk.ch\/wordpress\/wp-json\/wp\/v2\/users\/1"}],"replies":[{"embeddable":true,"href":"https:\/\/enarten-kiosk.ch\/wordpress\/wp-json\/wp\/v2\/comments?post=15"}],"version-history":[{"count":47,"href":"https:\/\/enarten-kiosk.ch\/wordpress\/wp-json\/wp\/v2\/pages\/15\/revisions"}],"predecessor-version":[{"id":168,"href":"https:\/\/enarten-kiosk.ch\/wordpress\/wp-json\/wp\/v2\/pages\/15\/revisions\/168"}],"wp:attachment":[{"href":"https:\/\/enarten-kiosk.ch\/wordpress\/wp-json\/wp\/v2\/media?parent=15"}],"curies":[{"name":"wp","href":"https:\/\/api.w.org\/{rel}","templated":true}]}}